{"id":2057,"date":"2024-01-16T15:28:18","date_gmt":"2024-01-16T15:28:18","guid":{"rendered":"https:\/\/www.dalconsole.com\/veranstaltungen\/"},"modified":"2024-04-10T10:27:59","modified_gmt":"2024-04-10T10:27:59","slug":"veranstaltungen","status":"publish","type":"page","link":"https:\/\/www.dalconsole.com\/de\/veranstaltungen\/","title":{"rendered":"Veranstaltungen"},"content":{"rendered":"\t\t<div data-elementor-type=\"wp-page\" data-elementor-id=\"2057\" class=\"elementor elementor-2057 elementor-1368\" data-elementor-post-type=\"page\">\n\t\t\t\t<div class=\"elementor-element elementor-element-17f5be0 e-flex e-con-boxed e-con e-parent\" data-id=\"17f5be0\" data-element_type=\"container\" data-e-type=\"container\" data-settings=\"{&quot;background_background&quot;:&quot;classic&quot;,&quot;hoteller_ext_is_background_parallax&quot;:&quot;false&quot;,&quot;hoteller_ext_is_background_on_scroll&quot;:&quot;false&quot;,&quot;hoteller_ext_link_sidemenu&quot;:&quot;false&quot;,&quot;hoteller_ext_link_fullmenu&quot;:&quot;false&quot;,&quot;hoteller_ext_link_closed_fullmenu&quot;:&quot;false&quot;,&quot;hoteller_ext_is_scrollme&quot;:&quot;false&quot;,&quot;hoteller_ext_is_smoove&quot;:&quot;false&quot;,&quot;hoteller_ext_is_parallax_mouse&quot;:&quot;false&quot;,&quot;hoteller_ext_is_infinite&quot;:&quot;false&quot;,&quot;hoteller_ext_is_fadeout_animation&quot;:&quot;false&quot;,&quot;hoteller_ext_mobile_static&quot;:&quot;false&quot;}\">\n\t\t\t\t\t<div class=\"e-con-inner\">\n\t\t\t\t<div class=\"elementor-element elementor-element-6d31d4b elementor-widget elementor-widget-heading\" data-id=\"6d31d4b\" data-element_type=\"widget\" data-e-type=\"widget\" data-settings=\"{&quot;hoteller_ext_link_sidemenu&quot;:&quot;false&quot;,&quot;hoteller_ext_link_fullmenu&quot;:&quot;false&quot;,&quot;hoteller_ext_link_closed_fullmenu&quot;:&quot;false&quot;,&quot;hoteller_ext_is_scrollme&quot;:&quot;false&quot;,&quot;hoteller_ext_is_smoove&quot;:&quot;false&quot;,&quot;hoteller_ext_is_parallax_mouse&quot;:&quot;false&quot;,&quot;hoteller_ext_is_infinite&quot;:&quot;false&quot;,&quot;hoteller_ext_is_fadeout_animation&quot;:&quot;false&quot;,&quot;hoteller_ext_mobile_static&quot;:&quot;false&quot;}\" data-widget_type=\"heading.default\">\n\t\t\t\t<div class=\"elementor-widget-container\">\n\t\t\t\t\t<h2 class=\"elementor-heading-title elementor-size-default\">Unsere Veranstaltungen\n<\/h2>\t\t\t\t<\/div>\n\t\t\t\t<\/div>\n\t\t\t\t\t<\/div>\n\t\t\t\t<\/div>\n\t\t<div class=\"elementor-element elementor-element-c5472db e-flex e-con-boxed e-con e-parent\" data-id=\"c5472db\" data-element_type=\"container\" data-e-type=\"container\" data-settings=\"{&quot;hoteller_ext_is_background_parallax&quot;:&quot;false&quot;,&quot;hoteller_ext_is_background_on_scroll&quot;:&quot;false&quot;,&quot;hoteller_ext_link_sidemenu&quot;:&quot;false&quot;,&quot;hoteller_ext_link_fullmenu&quot;:&quot;false&quot;,&quot;hoteller_ext_link_closed_fullmenu&quot;:&quot;false&quot;,&quot;hoteller_ext_is_scrollme&quot;:&quot;false&quot;,&quot;hoteller_ext_is_smoove&quot;:&quot;false&quot;,&quot;hoteller_ext_is_parallax_mouse&quot;:&quot;false&quot;,&quot;hoteller_ext_is_infinite&quot;:&quot;false&quot;,&quot;hoteller_ext_is_fadeout_animation&quot;:&quot;false&quot;,&quot;hoteller_ext_mobile_static&quot;:&quot;false&quot;}\">\n\t\t\t\t\t<div class=\"e-con-inner\">\n\t\t\t\t<div class=\"elementor-element elementor-element-d5fe0fb elementor-widget elementor-widget-spacer\" data-id=\"d5fe0fb\" data-element_type=\"widget\" data-e-type=\"widget\" data-settings=\"{&quot;hoteller_ext_link_sidemenu&quot;:&quot;false&quot;,&quot;hoteller_ext_link_fullmenu&quot;:&quot;false&quot;,&quot;hoteller_ext_link_closed_fullmenu&quot;:&quot;false&quot;,&quot;hoteller_ext_is_scrollme&quot;:&quot;false&quot;,&quot;hoteller_ext_is_smoove&quot;:&quot;false&quot;,&quot;hoteller_ext_is_parallax_mouse&quot;:&quot;false&quot;,&quot;hoteller_ext_is_infinite&quot;:&quot;false&quot;,&quot;hoteller_ext_is_fadeout_animation&quot;:&quot;false&quot;,&quot;hoteller_ext_mobile_static&quot;:&quot;false&quot;}\" data-widget_type=\"spacer.default\">\n\t\t\t\t<div class=\"elementor-widget-container\">\n\t\t\t\t\t\t\t<div class=\"elementor-spacer\">\n\t\t\t<div class=\"elementor-spacer-inner\"><\/div>\n\t\t<\/div>\n\t\t\t\t\t\t<\/div>\n\t\t\t\t<\/div>\n\t\t\t\t<div class=\"elementor-element elementor-element-b5b01db elementor-widget elementor-widget-text-editor\" data-id=\"b5b01db\" data-element_type=\"widget\" data-e-type=\"widget\" data-settings=\"{&quot;hoteller_ext_link_sidemenu&quot;:&quot;false&quot;,&quot;hoteller_ext_link_fullmenu&quot;:&quot;false&quot;,&quot;hoteller_ext_link_closed_fullmenu&quot;:&quot;false&quot;,&quot;hoteller_ext_is_scrollme&quot;:&quot;false&quot;,&quot;hoteller_ext_is_smoove&quot;:&quot;false&quot;,&quot;hoteller_ext_is_parallax_mouse&quot;:&quot;false&quot;,&quot;hoteller_ext_is_infinite&quot;:&quot;false&quot;,&quot;hoteller_ext_is_fadeout_animation&quot;:&quot;false&quot;,&quot;hoteller_ext_mobile_static&quot;:&quot;false&quot;}\" data-widget_type=\"text-editor.default\">\n\t\t\t\t<div class=\"elementor-widget-container\">\n\t\t\t\t\t\t\t\t\t<p>Eingebettet im historischen Herzen von Neapel ist Dal Console die ideale Wahl f\u00fcr diejenigen, die einen Ort voller Geschichte und Charme f\u00fcr exklusive Veranstaltungen suchen.<br \/> Mit einem gro\u00dfen offenen Raum, der die W\u00e4rme der Tradition mit der Modernit\u00e4t des Designs verbindet, bietet unser Standort die perfekte Umgebung f\u00fcr eine Vielzahl von Erlebnissen: von Dinnershows, die Kunst und Geschmack vereinen, \u00fcber Firmentreffen in einem raffinierten Rahmen bis hin zur Show Kochen, wo Kochen zur Show wird.<br \/> Jede Veranstaltung wird individuell an die Vision des Kunden angepasst und sorgt so f\u00fcr ein einzigartiges und unvergessliches Erlebnis.<br \/> Wenn Sie sich f\u00fcr Dal Console entscheiden, geben Sie Ihrer Veranstaltung einen unnachahmlichen Rahmen, in dem jedes Detail von Exzellenz zeugt und jeder verbrachte Moment zu einer wertvollen Erinnerung wird.<\/p>\n\t\t\t\t\t\t\t\t<\/div>\n\t\t\t\t<\/div>\n\t\t\t\t<div class=\"elementor-element elementor-element-3f555cf elementor-widget elementor-widget-spacer\" data-id=\"3f555cf\" data-element_type=\"widget\" data-e-type=\"widget\" data-settings=\"{&quot;hoteller_ext_link_sidemenu&quot;:&quot;false&quot;,&quot;hoteller_ext_link_fullmenu&quot;:&quot;false&quot;,&quot;hoteller_ext_link_closed_fullmenu&quot;:&quot;false&quot;,&quot;hoteller_ext_is_scrollme&quot;:&quot;false&quot;,&quot;hoteller_ext_is_smoove&quot;:&quot;false&quot;,&quot;hoteller_ext_is_parallax_mouse&quot;:&quot;false&quot;,&quot;hoteller_ext_is_infinite&quot;:&quot;false&quot;,&quot;hoteller_ext_is_fadeout_animation&quot;:&quot;false&quot;,&quot;hoteller_ext_mobile_static&quot;:&quot;false&quot;}\" data-widget_type=\"spacer.default\">\n\t\t\t\t<div class=\"elementor-widget-container\">\n\t\t\t\t\t\t\t<div class=\"elementor-spacer\">\n\t\t\t<div class=\"elementor-spacer-inner\"><\/div>\n\t\t<\/div>\n\t\t\t\t\t\t<\/div>\n\t\t\t\t<\/div>\n\t\t\t\t\t<\/div>\n\t\t\t\t<\/div>\n\t\t<div class=\"elementor-element elementor-element-7d14f3b e-flex e-con-boxed e-con e-parent\" data-id=\"7d14f3b\" data-element_type=\"container\" data-e-type=\"container\" data-settings=\"{&quot;hoteller_ext_is_background_parallax&quot;:&quot;false&quot;,&quot;hoteller_ext_is_background_on_scroll&quot;:&quot;false&quot;,&quot;hoteller_ext_link_sidemenu&quot;:&quot;false&quot;,&quot;hoteller_ext_link_fullmenu&quot;:&quot;false&quot;,&quot;hoteller_ext_link_closed_fullmenu&quot;:&quot;false&quot;,&quot;hoteller_ext_is_scrollme&quot;:&quot;false&quot;,&quot;hoteller_ext_is_smoove&quot;:&quot;false&quot;,&quot;hoteller_ext_is_parallax_mouse&quot;:&quot;false&quot;,&quot;hoteller_ext_is_infinite&quot;:&quot;false&quot;,&quot;hoteller_ext_is_fadeout_animation&quot;:&quot;false&quot;,&quot;hoteller_ext_mobile_static&quot;:&quot;false&quot;}\">\n\t\t\t\t\t<div class=\"e-con-inner\">\n\t\t\t\t<div class=\"elementor-element elementor-element-b89f3ae elementor-widget elementor-widget-spacer\" data-id=\"b89f3ae\" data-element_type=\"widget\" data-e-type=\"widget\" data-settings=\"{&quot;hoteller_ext_link_sidemenu&quot;:&quot;false&quot;,&quot;hoteller_ext_link_fullmenu&quot;:&quot;false&quot;,&quot;hoteller_ext_link_closed_fullmenu&quot;:&quot;false&quot;,&quot;hoteller_ext_is_scrollme&quot;:&quot;false&quot;,&quot;hoteller_ext_is_smoove&quot;:&quot;false&quot;,&quot;hoteller_ext_is_parallax_mouse&quot;:&quot;false&quot;,&quot;hoteller_ext_is_infinite&quot;:&quot;false&quot;,&quot;hoteller_ext_is_fadeout_animation&quot;:&quot;false&quot;,&quot;hoteller_ext_mobile_static&quot;:&quot;false&quot;}\" data-widget_type=\"spacer.default\">\n\t\t\t\t<div class=\"elementor-widget-container\">\n\t\t\t\t\t\t\t<div class=\"elementor-spacer\">\n\t\t\t<div class=\"elementor-spacer-inner\"><\/div>\n\t\t<\/div>\n\t\t\t\t\t\t<\/div>\n\t\t\t\t<\/div>\n\t\t\t\t\t<\/div>\n\t\t\t\t<\/div>\n\t\t<div class=\"elementor-element elementor-element-728e52e e-flex e-con-boxed e-con e-parent\" data-id=\"728e52e\" data-element_type=\"container\" data-e-type=\"container\" data-settings=\"{&quot;hoteller_ext_is_background_parallax&quot;:&quot;false&quot;,&quot;hoteller_ext_is_background_on_scroll&quot;:&quot;false&quot;,&quot;hoteller_ext_link_sidemenu&quot;:&quot;false&quot;,&quot;hoteller_ext_link_fullmenu&quot;:&quot;false&quot;,&quot;hoteller_ext_link_closed_fullmenu&quot;:&quot;false&quot;,&quot;hoteller_ext_is_scrollme&quot;:&quot;false&quot;,&quot;hoteller_ext_is_smoove&quot;:&quot;false&quot;,&quot;hoteller_ext_is_parallax_mouse&quot;:&quot;false&quot;,&quot;hoteller_ext_is_infinite&quot;:&quot;false&quot;,&quot;hoteller_ext_is_fadeout_animation&quot;:&quot;false&quot;,&quot;hoteller_ext_mobile_static&quot;:&quot;false&quot;}\">\n\t\t\t\t\t<div class=\"e-con-inner\">\n\t\t\t\t\t<\/div>\n\t\t\t\t<\/div>\n\t\t\t\t<\/div>\n\t\t","protected":false},"excerpt":{"rendered":"<p>Unsere Veranstaltungen Eingebettet im historischen Herzen von Neapel ist Dal Console die ideale Wahl f\u00fcr diejenigen, die einen Ort voller Geschichte und Charme f\u00fcr exklusive Veranstaltungen suchen. Mit einem gro\u00dfen offenen Raum, der die W\u00e4rme der Tradition mit der Modernit\u00e4t [&hellip;]<\/p>\n","protected":false},"author":1,"featured_media":0,"parent":0,"menu_order":0,"comment_status":"closed","ping_status":"closed","template":"","meta":{"footnotes":""},"class_list":["post-2057","page","type-page","status-publish","hentry"],"yoast_head":"<!-- This site is optimized with the Yoast SEO plugin v27.4 - https:\/\/yoast.com\/product\/yoast-seo-wordpress\/ -->\n<title>Dal Console | Veranstaltungen<\/title>\n<meta name=\"description\" content=\"Entdecken Sie exklusive Veranstaltungen bei Dal Console: Von kleinen Zusammenk\u00fcnften bis hin zu gro\u00dfen Feiern bieten wir einzigartige R\u00e4umlichkeiten und personalisierte Services, um jede Veranstaltung zu etwas Besonderem zu machen.\" \/>\n<meta name=\"robots\" content=\"index, follow, max-snippet:-1, max-image-preview:large, max-video-preview:-1\" \/>\n<link rel=\"canonical\" href=\"https:\/\/www.dalconsole.com\/de\/veranstaltungen\/\" \/>\n<meta property=\"og:locale\" content=\"de_DE\" \/>\n<meta property=\"og:type\" content=\"article\" \/>\n<meta property=\"og:title\" content=\"Dal Console | Veranstaltungen\" \/>\n<meta property=\"og:description\" content=\"Entdecken Sie exklusive Veranstaltungen bei Dal Console: Von kleinen Zusammenk\u00fcnften bis hin zu gro\u00dfen Feiern bieten wir einzigartige R\u00e4umlichkeiten und personalisierte Services, um jede Veranstaltung zu etwas Besonderem zu machen.\" \/>\n<meta property=\"og:url\" content=\"https:\/\/www.dalconsole.com\/de\/veranstaltungen\/\" \/>\n<meta property=\"og:site_name\" content=\"Dal Console\" \/>\n<meta property=\"article:publisher\" content=\"https:\/\/www.facebook.com\/dalconsole.napoli\" \/>\n<meta property=\"article:modified_time\" content=\"2024-04-10T10:27:59+00:00\" \/>\n<meta property=\"og:image\" content=\"https:\/\/www.dalconsole.com\/wp-content\/uploads\/2023\/11\/dalconsole-logo.png\" \/>\n\t<meta property=\"og:image:width\" content=\"1000\" \/>\n\t<meta property=\"og:image:height\" content=\"1018\" \/>\n\t<meta property=\"og:image:type\" content=\"image\/png\" \/>\n<meta name=\"twitter:card\" content=\"summary_large_image\" \/>\n<meta name=\"twitter:label1\" content=\"Gesch\u00e4tzte Lesezeit\" \/>\n\t<meta name=\"twitter:data1\" content=\"1\u00a0Minute\" \/>\n<script type=\"application\/ld+json\" class=\"yoast-schema-graph\">{\"@context\":\"https:\\\/\\\/schema.org\",\"@graph\":[{\"@type\":\"WebPage\",\"@id\":\"https:\\\/\\\/www.dalconsole.com\\\/de\\\/veranstaltungen\\\/\",\"url\":\"https:\\\/\\\/www.dalconsole.com\\\/de\\\/veranstaltungen\\\/\",\"name\":\"Dal Console | Veranstaltungen\",\"isPartOf\":{\"@id\":\"https:\\\/\\\/www.dalconsole.com\\\/#website\"},\"datePublished\":\"2024-01-16T15:28:18+00:00\",\"dateModified\":\"2024-04-10T10:27:59+00:00\",\"description\":\"Entdecken Sie exklusive Veranstaltungen bei Dal Console: Von kleinen Zusammenk\u00fcnften bis hin zu gro\u00dfen Feiern bieten wir einzigartige R\u00e4umlichkeiten und personalisierte Services, um jede Veranstaltung zu etwas Besonderem zu machen.\",\"breadcrumb\":{\"@id\":\"https:\\\/\\\/www.dalconsole.com\\\/de\\\/veranstaltungen\\\/#breadcrumb\"},\"inLanguage\":\"de\",\"potentialAction\":[{\"@type\":\"ReadAction\",\"target\":[\"https:\\\/\\\/www.dalconsole.com\\\/de\\\/veranstaltungen\\\/\"]}]},{\"@type\":\"BreadcrumbList\",\"@id\":\"https:\\\/\\\/www.dalconsole.com\\\/de\\\/veranstaltungen\\\/#breadcrumb\",\"itemListElement\":[{\"@type\":\"ListItem\",\"position\":1,\"name\":\"Home\",\"item\":\"https:\\\/\\\/www.dalconsole.com\\\/de\\\/ferienhaus-2\\\/\"},{\"@type\":\"ListItem\",\"position\":2,\"name\":\"Veranstaltungen\"}]},{\"@type\":\"WebSite\",\"@id\":\"https:\\\/\\\/www.dalconsole.com\\\/#website\",\"url\":\"https:\\\/\\\/www.dalconsole.com\\\/\",\"name\":\"Dal Console\",\"description\":\"Holiday house and events\",\"publisher\":{\"@id\":\"https:\\\/\\\/www.dalconsole.com\\\/#organization\"},\"potentialAction\":[{\"@type\":\"SearchAction\",\"target\":{\"@type\":\"EntryPoint\",\"urlTemplate\":\"https:\\\/\\\/www.dalconsole.com\\\/?s={search_term_string}\"},\"query-input\":{\"@type\":\"PropertyValueSpecification\",\"valueRequired\":true,\"valueName\":\"search_term_string\"}}],\"inLanguage\":\"de\"},{\"@type\":\"Organization\",\"@id\":\"https:\\\/\\\/www.dalconsole.com\\\/#organization\",\"name\":\"Dal Console\",\"url\":\"https:\\\/\\\/www.dalconsole.com\\\/\",\"logo\":{\"@type\":\"ImageObject\",\"inLanguage\":\"de\",\"@id\":\"https:\\\/\\\/www.dalconsole.com\\\/#\\\/schema\\\/logo\\\/image\\\/\",\"url\":\"https:\\\/\\\/www.dalconsole.com\\\/wp-content\\\/uploads\\\/2023\\\/11\\\/dalconsole-logo.png\",\"contentUrl\":\"https:\\\/\\\/www.dalconsole.com\\\/wp-content\\\/uploads\\\/2023\\\/11\\\/dalconsole-logo.png\",\"width\":1000,\"height\":1018,\"caption\":\"Dal Console\"},\"image\":{\"@id\":\"https:\\\/\\\/www.dalconsole.com\\\/#\\\/schema\\\/logo\\\/image\\\/\"},\"sameAs\":[\"https:\\\/\\\/www.facebook.com\\\/dalconsole.napoli\",\"https:\\\/\\\/www.instagram.com\\\/dalconsole_napoli\\\/\"]}]}<\/script>\n<!-- \/ Yoast SEO plugin. -->","yoast_head_json":{"title":"Dal Console | Veranstaltungen","description":"Entdecken Sie exklusive Veranstaltungen bei Dal Console: Von kleinen Zusammenk\u00fcnften bis hin zu gro\u00dfen Feiern bieten wir einzigartige R\u00e4umlichkeiten und personalisierte Services, um jede Veranstaltung zu etwas Besonderem zu machen.","robots":{"index":"index","follow":"follow","max-snippet":"max-snippet:-1","max-image-preview":"max-image-preview:large","max-video-preview":"max-video-preview:-1"},"canonical":"https:\/\/www.dalconsole.com\/de\/veranstaltungen\/","og_locale":"de_DE","og_type":"article","og_title":"Dal Console | Veranstaltungen","og_description":"Entdecken Sie exklusive Veranstaltungen bei Dal Console: Von kleinen Zusammenk\u00fcnften bis hin zu gro\u00dfen Feiern bieten wir einzigartige R\u00e4umlichkeiten und personalisierte Services, um jede Veranstaltung zu etwas Besonderem zu machen.","og_url":"https:\/\/www.dalconsole.com\/de\/veranstaltungen\/","og_site_name":"Dal Console","article_publisher":"https:\/\/www.facebook.com\/dalconsole.napoli","article_modified_time":"2024-04-10T10:27:59+00:00","og_image":[{"width":1000,"height":1018,"url":"https:\/\/www.dalconsole.com\/wp-content\/uploads\/2023\/11\/dalconsole-logo.png","type":"image\/png"}],"twitter_card":"summary_large_image","twitter_misc":{"Gesch\u00e4tzte Lesezeit":"1\u00a0Minute"},"schema":{"@context":"https:\/\/schema.org","@graph":[{"@type":"WebPage","@id":"https:\/\/www.dalconsole.com\/de\/veranstaltungen\/","url":"https:\/\/www.dalconsole.com\/de\/veranstaltungen\/","name":"Dal Console | Veranstaltungen","isPartOf":{"@id":"https:\/\/www.dalconsole.com\/#website"},"datePublished":"2024-01-16T15:28:18+00:00","dateModified":"2024-04-10T10:27:59+00:00","description":"Entdecken Sie exklusive Veranstaltungen bei Dal Console: Von kleinen Zusammenk\u00fcnften bis hin zu gro\u00dfen Feiern bieten wir einzigartige R\u00e4umlichkeiten und personalisierte Services, um jede Veranstaltung zu etwas Besonderem zu machen.","breadcrumb":{"@id":"https:\/\/www.dalconsole.com\/de\/veranstaltungen\/#breadcrumb"},"inLanguage":"de","potentialAction":[{"@type":"ReadAction","target":["https:\/\/www.dalconsole.com\/de\/veranstaltungen\/"]}]},{"@type":"BreadcrumbList","@id":"https:\/\/www.dalconsole.com\/de\/veranstaltungen\/#breadcrumb","itemListElement":[{"@type":"ListItem","position":1,"name":"Home","item":"https:\/\/www.dalconsole.com\/de\/ferienhaus-2\/"},{"@type":"ListItem","position":2,"name":"Veranstaltungen"}]},{"@type":"WebSite","@id":"https:\/\/www.dalconsole.com\/#website","url":"https:\/\/www.dalconsole.com\/","name":"Dal Console","description":"Holiday house and events","publisher":{"@id":"https:\/\/www.dalconsole.com\/#organization"},"potentialAction":[{"@type":"SearchAction","target":{"@type":"EntryPoint","urlTemplate":"https:\/\/www.dalconsole.com\/?s={search_term_string}"},"query-input":{"@type":"PropertyValueSpecification","valueRequired":true,"valueName":"search_term_string"}}],"inLanguage":"de"},{"@type":"Organization","@id":"https:\/\/www.dalconsole.com\/#organization","name":"Dal Console","url":"https:\/\/www.dalconsole.com\/","logo":{"@type":"ImageObject","inLanguage":"de","@id":"https:\/\/www.dalconsole.com\/#\/schema\/logo\/image\/","url":"https:\/\/www.dalconsole.com\/wp-content\/uploads\/2023\/11\/dalconsole-logo.png","contentUrl":"https:\/\/www.dalconsole.com\/wp-content\/uploads\/2023\/11\/dalconsole-logo.png","width":1000,"height":1018,"caption":"Dal Console"},"image":{"@id":"https:\/\/www.dalconsole.com\/#\/schema\/logo\/image\/"},"sameAs":["https:\/\/www.facebook.com\/dalconsole.napoli","https:\/\/www.instagram.com\/dalconsole_napoli\/"]}]}},"_links":{"self":[{"href":"https:\/\/www.dalconsole.com\/de\/wp-json\/wp\/v2\/pages\/2057","targetHints":{"allow":["GET"]}}],"collection":[{"href":"https:\/\/www.dalconsole.com\/de\/wp-json\/wp\/v2\/pages"}],"about":[{"href":"https:\/\/www.dalconsole.com\/de\/wp-json\/wp\/v2\/types\/page"}],"author":[{"embeddable":true,"href":"https:\/\/www.dalconsole.com\/de\/wp-json\/wp\/v2\/users\/1"}],"replies":[{"embeddable":true,"href":"https:\/\/www.dalconsole.com\/de\/wp-json\/wp\/v2\/comments?post=2057"}],"version-history":[{"count":1,"href":"https:\/\/www.dalconsole.com\/de\/wp-json\/wp\/v2\/pages\/2057\/revisions"}],"predecessor-version":[{"id":2058,"href":"https:\/\/www.dalconsole.com\/de\/wp-json\/wp\/v2\/pages\/2057\/revisions\/2058"}],"wp:attachment":[{"href":"https:\/\/www.dalconsole.com\/de\/wp-json\/wp\/v2\/media?parent=2057"}],"curies":[{"name":"wp","href":"https:\/\/api.w.org\/{rel}","templated":true}]}}