{"id":2094,"date":"2023-12-21T14:41:14","date_gmt":"2023-12-21T14:41:14","guid":{"rendered":"https:\/\/www.dalconsole.com\/geschaeftsbedingungen\/"},"modified":"2023-12-21T14:41:14","modified_gmt":"2023-12-21T14:41:14","slug":"geschaeftsbedingungen","status":"publish","type":"page","link":"https:\/\/www.dalconsole.com\/de\/geschaeftsbedingungen\/","title":{"rendered":"Gesch\u00e4ftsbedingungen"},"content":{"rendered":"<h2><strong>REGELN UND INFORMATIONEN<\/strong><\/h2>\n<p><strong>FAHRPL\u00c4NE<\/strong><\/p>\n<p>Am Anreisetag stehen Ihnen die Zimmer ab 14.00 Uhr zur Verf\u00fcgung und m\u00fcssen am Abreisetag bis 20.00 Uhr ger\u00e4umt werden<\/p>\n<p><strong>UNTERLAGEN<\/strong><\/p>\n<p>Bei der Ankunft m\u00fcssen G\u00e4ste, auch Minderj\u00e4hrige, \u00fcber Ausweispapiere verf\u00fcgen<\/p>\n<p>(n.1 Neugeborenes max. 0-8 Monate)*.<\/p>\n<p><strong>UNBEWACHTE WAREN<\/strong><\/p>\n<p>Die Direktion lehnt jede Haftung f\u00fcr Waren ab, die nicht innerhalb und au\u00dferhalb der Struktur aufbewahrt werden<\/p>\n<p><strong>K\u00dcCHE<\/strong><\/p>\n<p>Die K\u00fcche ist mit einem K\u00fchlschrank, einem Induktionskochfeld, einem Mikrowellenherd, einer Toasterplatte, einer Nespresso-Kaffeemaschine und einem Wasserkocher ausgestattet, um Speisen und Getr\u00e4nke selbstst\u00e4ndig und ohne Bereitstellung der Zutaten zuzubereiten **<\/p>\n<p>Die Nutzung aller Haushaltsger\u00e4te ist ausschlie\u00dflich f\u00fcr die Nutzung durch die in der Anlage \u00fcbernachtenden G\u00e4ste bestimmt.<\/p>\n<p><strong>RAUCH<\/strong><\/p>\n<p>In der Struktur gibt es keine Raucherr\u00e4ume. Das Rauchen ist in der gesamten Struktur verboten (es ist nur im Au\u00dfenbereich mit Keramikboden erlaubt).<\/p>\n<p><strong>KLIMASYSTEM<\/strong><\/p>\n<p>Die Klimaanlage darf ausschlie\u00dflich dann aktiviert werden, wenn sie sich in der Struktur befindet und darauf geachtet wird, dass alle \u00d6ffnungen nach au\u00dfen mithilfe der fest an der Wand montierten DAIKIN-Fernbedienung in der K\u00fcche geschlossen werden.<\/p>\n<p>Die Heizungsanlage kann optional auf Anfrage bei der Verwaltung aktiviert werden.<\/p>\n<p><strong>SCH\u00c4DEN AN DER STRUKTUR<\/strong><\/p>\n<p>Im Falle einer Besch\u00e4digung der Struktur oder von Gegenst\u00e4nden, bei fehlender Bettw\u00e4sche und\/oder Gegenst\u00e4nden oder bei Verlust von Schl\u00fcsseln m\u00fcssen Sie eine Vertragsstrafe zahlen, die von der beim CHECK-IN angegebenen Kreditkarte abgebucht wird. Diese Strafe wird nach der H\u00f6he des verursachten Schadens berechnet.<\/p>\n<p>&#8212;&#8212;&#8212;&#8212;&#8212;&#8212;&#8212;&#8212;&#8212;&#8212;&#8212;&#8212;&#8212;&#8212;&#8212;&#8212;&#8212;&#8212;&#8212;&#8212;&#8212;&#8212;&#8212;&#8212;&#8212;&#8212;&#8212;&#8212;&#8212;&#8212;&#8212;&#8212;&#8212;&#8212;&#8212;&#8212;&#8212;&#8212;&#8212;&#8212;&#8212;&#8212;&#8212;&#8212;&#8212;&#8212;&#8212;-<\/p>\n<p>Die Leitung der Einrichtung beh\u00e4lt sich das Recht vor, diese Regelung aus Gr\u00fcnden der Zweckm\u00e4\u00dfigkeit und des Betriebs der Dienste durch rechtzeitige Mitteilung der \u00c4nderungen zu \u00e4ndern.<\/p>\n<p>*Auf Anfrage zum Zeitpunkt der Buchung stellt die Einrichtung ein Campingbett ohne Bettw\u00e4sche zur Verf\u00fcgung.<\/p>\n<p>**Willkommenssets (Wasser in Flaschen, Kaffee und Zucker in Beuteln, Tee und Kr\u00e4utertees in Beuteln, Marmelade und Honig in Packungen) werden bei jedem Eintritt in die Einrichtung verschenkt. Einzeldosis, Pflegeset ARGAN Line Duschgel +Shampoo+K\u00f6rperlotion+Sopa in Packung. Einzeldosis, kostenloses Kosmetikset.<\/p>\n<p>Vielen Dank f\u00fcr Ihre Aufmerksamkeit.<\/p>\n","protected":false},"excerpt":{"rendered":"<p>REGELN UND INFORMATIONEN FAHRPL\u00c4NE Am Anreisetag stehen Ihnen die Zimmer ab 14.00 Uhr zur Verf\u00fcgung und m\u00fcssen am Abreisetag bis 20.00 Uhr ger\u00e4umt werden UNTERLAGEN Bei der Ankunft m\u00fcssen G\u00e4ste, auch Minderj\u00e4hrige, \u00fcber Ausweispapiere verf\u00fcgen (n.1 Neugeborenes max. 0-8 Monate)*. [&hellip;]<\/p>\n","protected":false},"author":1,"featured_media":0,"parent":0,"menu_order":0,"comment_status":"closed","ping_status":"closed","template":"","meta":{"footnotes":""},"class_list":["post-2094","page","type-page","status-publish","hentry"],"yoast_head":"<!-- This site is optimized with the Yoast SEO plugin v27.4 - https:\/\/yoast.com\/product\/yoast-seo-wordpress\/ -->\n<title>Gesch\u00e4ftsbedingungen - Dal Console<\/title>\n<meta name=\"robots\" content=\"index, follow, max-snippet:-1, max-image-preview:large, max-video-preview:-1\" \/>\n<link rel=\"canonical\" href=\"https:\/\/www.dalconsole.com\/geschaeftsbedingungen\/\" \/>\n<meta property=\"og:locale\" content=\"de_DE\" \/>\n<meta property=\"og:type\" content=\"article\" \/>\n<meta property=\"og:title\" content=\"Gesch\u00e4ftsbedingungen - Dal Console\" \/>\n<meta property=\"og:description\" content=\"REGELN UND INFORMATIONEN FAHRPL\u00c4NE Am Anreisetag stehen Ihnen die Zimmer ab 14.00 Uhr zur Verf\u00fcgung und m\u00fcssen am Abreisetag bis 20.00 Uhr ger\u00e4umt werden UNTERLAGEN Bei der Ankunft m\u00fcssen G\u00e4ste, auch Minderj\u00e4hrige, \u00fcber Ausweispapiere verf\u00fcgen (n.1 Neugeborenes max. 0-8 Monate)*. [&hellip;]\" \/>\n<meta property=\"og:url\" content=\"https:\/\/www.dalconsole.com\/geschaeftsbedingungen\/\" \/>\n<meta property=\"og:site_name\" content=\"Dal Console\" \/>\n<meta property=\"article:publisher\" content=\"https:\/\/www.facebook.com\/dalconsole.napoli\" \/>\n<meta property=\"og:image\" content=\"https:\/\/www.dalconsole.com\/wp-content\/uploads\/2023\/11\/dalconsole-logo.png\" \/>\n\t<meta property=\"og:image:width\" content=\"1000\" \/>\n\t<meta property=\"og:image:height\" content=\"1018\" \/>\n\t<meta property=\"og:image:type\" content=\"image\/png\" \/>\n<meta name=\"twitter:card\" content=\"summary_large_image\" \/>\n<meta name=\"twitter:label1\" content=\"Gesch\u00e4tzte Lesezeit\" \/>\n\t<meta name=\"twitter:data1\" content=\"2\u00a0Minuten\" \/>\n<script type=\"application\/ld+json\" class=\"yoast-schema-graph\">{\"@context\":\"https:\\\/\\\/schema.org\",\"@graph\":[{\"@type\":\"WebPage\",\"@id\":\"https:\\\/\\\/www.dalconsole.com\\\/geschaeftsbedingungen\\\/\",\"url\":\"https:\\\/\\\/www.dalconsole.com\\\/geschaeftsbedingungen\\\/\",\"name\":\"Gesch\u00e4ftsbedingungen - Dal Console\",\"isPartOf\":{\"@id\":\"https:\\\/\\\/www.dalconsole.com\\\/#website\"},\"datePublished\":\"2023-12-21T14:41:14+00:00\",\"breadcrumb\":{\"@id\":\"https:\\\/\\\/www.dalconsole.com\\\/geschaeftsbedingungen\\\/#breadcrumb\"},\"inLanguage\":\"de\",\"potentialAction\":[{\"@type\":\"ReadAction\",\"target\":[\"https:\\\/\\\/www.dalconsole.com\\\/geschaeftsbedingungen\\\/\"]}]},{\"@type\":\"BreadcrumbList\",\"@id\":\"https:\\\/\\\/www.dalconsole.com\\\/geschaeftsbedingungen\\\/#breadcrumb\",\"itemListElement\":[{\"@type\":\"ListItem\",\"position\":1,\"name\":\"Home\",\"item\":\"https:\\\/\\\/www.dalconsole.com\\\/de\\\/ferienhaus-2\\\/\"},{\"@type\":\"ListItem\",\"position\":2,\"name\":\"Gesch\u00e4ftsbedingungen\"}]},{\"@type\":\"WebSite\",\"@id\":\"https:\\\/\\\/www.dalconsole.com\\\/#website\",\"url\":\"https:\\\/\\\/www.dalconsole.com\\\/\",\"name\":\"Dal Console\",\"description\":\"Holiday house and events\",\"publisher\":{\"@id\":\"https:\\\/\\\/www.dalconsole.com\\\/#organization\"},\"potentialAction\":[{\"@type\":\"SearchAction\",\"target\":{\"@type\":\"EntryPoint\",\"urlTemplate\":\"https:\\\/\\\/www.dalconsole.com\\\/?s={search_term_string}\"},\"query-input\":{\"@type\":\"PropertyValueSpecification\",\"valueRequired\":true,\"valueName\":\"search_term_string\"}}],\"inLanguage\":\"de\"},{\"@type\":\"Organization\",\"@id\":\"https:\\\/\\\/www.dalconsole.com\\\/#organization\",\"name\":\"Dal Console\",\"url\":\"https:\\\/\\\/www.dalconsole.com\\\/\",\"logo\":{\"@type\":\"ImageObject\",\"inLanguage\":\"de\",\"@id\":\"https:\\\/\\\/www.dalconsole.com\\\/#\\\/schema\\\/logo\\\/image\\\/\",\"url\":\"https:\\\/\\\/www.dalconsole.com\\\/wp-content\\\/uploads\\\/2023\\\/11\\\/dalconsole-logo.png\",\"contentUrl\":\"https:\\\/\\\/www.dalconsole.com\\\/wp-content\\\/uploads\\\/2023\\\/11\\\/dalconsole-logo.png\",\"width\":1000,\"height\":1018,\"caption\":\"Dal Console\"},\"image\":{\"@id\":\"https:\\\/\\\/www.dalconsole.com\\\/#\\\/schema\\\/logo\\\/image\\\/\"},\"sameAs\":[\"https:\\\/\\\/www.facebook.com\\\/dalconsole.napoli\",\"https:\\\/\\\/www.instagram.com\\\/dalconsole_napoli\\\/\"]}]}<\/script>\n<!-- \/ Yoast SEO plugin. -->","yoast_head_json":{"title":"Gesch\u00e4ftsbedingungen - Dal Console","robots":{"index":"index","follow":"follow","max-snippet":"max-snippet:-1","max-image-preview":"max-image-preview:large","max-video-preview":"max-video-preview:-1"},"canonical":"https:\/\/www.dalconsole.com\/geschaeftsbedingungen\/","og_locale":"de_DE","og_type":"article","og_title":"Gesch\u00e4ftsbedingungen - Dal Console","og_description":"REGELN UND INFORMATIONEN FAHRPL\u00c4NE Am Anreisetag stehen Ihnen die Zimmer ab 14.00 Uhr zur Verf\u00fcgung und m\u00fcssen am Abreisetag bis 20.00 Uhr ger\u00e4umt werden UNTERLAGEN Bei der Ankunft m\u00fcssen G\u00e4ste, auch Minderj\u00e4hrige, \u00fcber Ausweispapiere verf\u00fcgen (n.1 Neugeborenes max. 0-8 Monate)*. [&hellip;]","og_url":"https:\/\/www.dalconsole.com\/geschaeftsbedingungen\/","og_site_name":"Dal Console","article_publisher":"https:\/\/www.facebook.com\/dalconsole.napoli","og_image":[{"width":1000,"height":1018,"url":"https:\/\/www.dalconsole.com\/wp-content\/uploads\/2023\/11\/dalconsole-logo.png","type":"image\/png"}],"twitter_card":"summary_large_image","twitter_misc":{"Gesch\u00e4tzte Lesezeit":"2\u00a0Minuten"},"schema":{"@context":"https:\/\/schema.org","@graph":[{"@type":"WebPage","@id":"https:\/\/www.dalconsole.com\/geschaeftsbedingungen\/","url":"https:\/\/www.dalconsole.com\/geschaeftsbedingungen\/","name":"Gesch\u00e4ftsbedingungen - Dal Console","isPartOf":{"@id":"https:\/\/www.dalconsole.com\/#website"},"datePublished":"2023-12-21T14:41:14+00:00","breadcrumb":{"@id":"https:\/\/www.dalconsole.com\/geschaeftsbedingungen\/#breadcrumb"},"inLanguage":"de","potentialAction":[{"@type":"ReadAction","target":["https:\/\/www.dalconsole.com\/geschaeftsbedingungen\/"]}]},{"@type":"BreadcrumbList","@id":"https:\/\/www.dalconsole.com\/geschaeftsbedingungen\/#breadcrumb","itemListElement":[{"@type":"ListItem","position":1,"name":"Home","item":"https:\/\/www.dalconsole.com\/de\/ferienhaus-2\/"},{"@type":"ListItem","position":2,"name":"Gesch\u00e4ftsbedingungen"}]},{"@type":"WebSite","@id":"https:\/\/www.dalconsole.com\/#website","url":"https:\/\/www.dalconsole.com\/","name":"Dal Console","description":"Holiday house and events","publisher":{"@id":"https:\/\/www.dalconsole.com\/#organization"},"potentialAction":[{"@type":"SearchAction","target":{"@type":"EntryPoint","urlTemplate":"https:\/\/www.dalconsole.com\/?s={search_term_string}"},"query-input":{"@type":"PropertyValueSpecification","valueRequired":true,"valueName":"search_term_string"}}],"inLanguage":"de"},{"@type":"Organization","@id":"https:\/\/www.dalconsole.com\/#organization","name":"Dal Console","url":"https:\/\/www.dalconsole.com\/","logo":{"@type":"ImageObject","inLanguage":"de","@id":"https:\/\/www.dalconsole.com\/#\/schema\/logo\/image\/","url":"https:\/\/www.dalconsole.com\/wp-content\/uploads\/2023\/11\/dalconsole-logo.png","contentUrl":"https:\/\/www.dalconsole.com\/wp-content\/uploads\/2023\/11\/dalconsole-logo.png","width":1000,"height":1018,"caption":"Dal Console"},"image":{"@id":"https:\/\/www.dalconsole.com\/#\/schema\/logo\/image\/"},"sameAs":["https:\/\/www.facebook.com\/dalconsole.napoli","https:\/\/www.instagram.com\/dalconsole_napoli\/"]}]}},"_links":{"self":[{"href":"https:\/\/www.dalconsole.com\/de\/wp-json\/wp\/v2\/pages\/2094","targetHints":{"allow":["GET"]}}],"collection":[{"href":"https:\/\/www.dalconsole.com\/de\/wp-json\/wp\/v2\/pages"}],"about":[{"href":"https:\/\/www.dalconsole.com\/de\/wp-json\/wp\/v2\/types\/page"}],"author":[{"embeddable":true,"href":"https:\/\/www.dalconsole.com\/de\/wp-json\/wp\/v2\/users\/1"}],"replies":[{"embeddable":true,"href":"https:\/\/www.dalconsole.com\/de\/wp-json\/wp\/v2\/comments?post=2094"}],"version-history":[{"count":0,"href":"https:\/\/www.dalconsole.com\/de\/wp-json\/wp\/v2\/pages\/2094\/revisions"}],"wp:attachment":[{"href":"https:\/\/www.dalconsole.com\/de\/wp-json\/wp\/v2\/media?parent=2094"}],"curies":[{"name":"wp","href":"https:\/\/api.w.org\/{rel}","templated":true}]}}