{"id":1955,"date":"2024-01-16T15:28:18","date_gmt":"2024-01-16T15:28:18","guid":{"rendered":"https:\/\/www.dalconsole.com\/evenements\/"},"modified":"2024-04-09T10:23:47","modified_gmt":"2024-04-09T10:23:47","slug":"evenements","status":"publish","type":"page","link":"https:\/\/www.dalconsole.com\/fr\/evenements\/","title":{"rendered":"\u00c9v\u00e9nements"},"content":{"rendered":"\t\t<div data-elementor-type=\"wp-page\" data-elementor-id=\"1955\" class=\"elementor elementor-1955 elementor-1368\" data-elementor-post-type=\"page\">\n\t\t\t\t<div class=\"elementor-element elementor-element-17f5be0 e-flex e-con-boxed e-con e-parent\" data-id=\"17f5be0\" data-element_type=\"container\" data-e-type=\"container\" data-settings=\"{&quot;background_background&quot;:&quot;classic&quot;,&quot;hoteller_ext_is_background_parallax&quot;:&quot;false&quot;,&quot;hoteller_ext_is_background_on_scroll&quot;:&quot;false&quot;,&quot;hoteller_ext_link_sidemenu&quot;:&quot;false&quot;,&quot;hoteller_ext_link_fullmenu&quot;:&quot;false&quot;,&quot;hoteller_ext_link_closed_fullmenu&quot;:&quot;false&quot;,&quot;hoteller_ext_is_scrollme&quot;:&quot;false&quot;,&quot;hoteller_ext_is_smoove&quot;:&quot;false&quot;,&quot;hoteller_ext_is_parallax_mouse&quot;:&quot;false&quot;,&quot;hoteller_ext_is_infinite&quot;:&quot;false&quot;,&quot;hoteller_ext_is_fadeout_animation&quot;:&quot;false&quot;,&quot;hoteller_ext_mobile_static&quot;:&quot;false&quot;}\">\n\t\t\t\t\t<div class=\"e-con-inner\">\n\t\t\t\t<div class=\"elementor-element elementor-element-6d31d4b elementor-widget elementor-widget-heading\" data-id=\"6d31d4b\" data-element_type=\"widget\" data-e-type=\"widget\" data-settings=\"{&quot;hoteller_ext_link_sidemenu&quot;:&quot;false&quot;,&quot;hoteller_ext_link_fullmenu&quot;:&quot;false&quot;,&quot;hoteller_ext_link_closed_fullmenu&quot;:&quot;false&quot;,&quot;hoteller_ext_is_scrollme&quot;:&quot;false&quot;,&quot;hoteller_ext_is_smoove&quot;:&quot;false&quot;,&quot;hoteller_ext_is_parallax_mouse&quot;:&quot;false&quot;,&quot;hoteller_ext_is_infinite&quot;:&quot;false&quot;,&quot;hoteller_ext_is_fadeout_animation&quot;:&quot;false&quot;,&quot;hoteller_ext_mobile_static&quot;:&quot;false&quot;}\" data-widget_type=\"heading.default\">\n\t\t\t\t<div class=\"elementor-widget-container\">\n\t\t\t\t\t<h2 class=\"elementor-heading-title elementor-size-default\">Nos \u00e9v\u00e9nements\n<\/h2>\t\t\t\t<\/div>\n\t\t\t\t<\/div>\n\t\t\t\t\t<\/div>\n\t\t\t\t<\/div>\n\t\t<div class=\"elementor-element elementor-element-c5472db e-flex e-con-boxed e-con e-parent\" data-id=\"c5472db\" data-element_type=\"container\" data-e-type=\"container\" data-settings=\"{&quot;hoteller_ext_is_background_parallax&quot;:&quot;false&quot;,&quot;hoteller_ext_is_background_on_scroll&quot;:&quot;false&quot;,&quot;hoteller_ext_link_sidemenu&quot;:&quot;false&quot;,&quot;hoteller_ext_link_fullmenu&quot;:&quot;false&quot;,&quot;hoteller_ext_link_closed_fullmenu&quot;:&quot;false&quot;,&quot;hoteller_ext_is_scrollme&quot;:&quot;false&quot;,&quot;hoteller_ext_is_smoove&quot;:&quot;false&quot;,&quot;hoteller_ext_is_parallax_mouse&quot;:&quot;false&quot;,&quot;hoteller_ext_is_infinite&quot;:&quot;false&quot;,&quot;hoteller_ext_is_fadeout_animation&quot;:&quot;false&quot;,&quot;hoteller_ext_mobile_static&quot;:&quot;false&quot;}\">\n\t\t\t\t\t<div class=\"e-con-inner\">\n\t\t\t\t<div class=\"elementor-element elementor-element-d5fe0fb elementor-widget elementor-widget-spacer\" data-id=\"d5fe0fb\" data-element_type=\"widget\" data-e-type=\"widget\" data-settings=\"{&quot;hoteller_ext_link_sidemenu&quot;:&quot;false&quot;,&quot;hoteller_ext_link_fullmenu&quot;:&quot;false&quot;,&quot;hoteller_ext_link_closed_fullmenu&quot;:&quot;false&quot;,&quot;hoteller_ext_is_scrollme&quot;:&quot;false&quot;,&quot;hoteller_ext_is_smoove&quot;:&quot;false&quot;,&quot;hoteller_ext_is_parallax_mouse&quot;:&quot;false&quot;,&quot;hoteller_ext_is_infinite&quot;:&quot;false&quot;,&quot;hoteller_ext_is_fadeout_animation&quot;:&quot;false&quot;,&quot;hoteller_ext_mobile_static&quot;:&quot;false&quot;}\" data-widget_type=\"spacer.default\">\n\t\t\t\t<div class=\"elementor-widget-container\">\n\t\t\t\t\t\t\t<div class=\"elementor-spacer\">\n\t\t\t<div class=\"elementor-spacer-inner\"><\/div>\n\t\t<\/div>\n\t\t\t\t\t\t<\/div>\n\t\t\t\t<\/div>\n\t\t\t\t<div class=\"elementor-element elementor-element-b5b01db elementor-widget elementor-widget-text-editor\" data-id=\"b5b01db\" data-element_type=\"widget\" data-e-type=\"widget\" data-settings=\"{&quot;hoteller_ext_link_sidemenu&quot;:&quot;false&quot;,&quot;hoteller_ext_link_fullmenu&quot;:&quot;false&quot;,&quot;hoteller_ext_link_closed_fullmenu&quot;:&quot;false&quot;,&quot;hoteller_ext_is_scrollme&quot;:&quot;false&quot;,&quot;hoteller_ext_is_smoove&quot;:&quot;false&quot;,&quot;hoteller_ext_is_parallax_mouse&quot;:&quot;false&quot;,&quot;hoteller_ext_is_infinite&quot;:&quot;false&quot;,&quot;hoteller_ext_is_fadeout_animation&quot;:&quot;false&quot;,&quot;hoteller_ext_mobile_static&quot;:&quot;false&quot;}\" data-widget_type=\"text-editor.default\">\n\t\t\t\t<div class=\"elementor-widget-container\">\n\t\t\t\t\t\t\t\t\t<p>Immerg\u00e9 dans le c\u0153ur historique de Naples, Dal Console repr\u00e9sente le choix id\u00e9al pour ceux qui recherchent un lieu plein d&rsquo;histoire et de charme pour des \u00e9v\u00e9nements exclusifs.<br \/> Avec un grand espace ouvert qui allie la chaleur de la tradition \u00e0 la modernit\u00e9 du design, notre emplacement offre l&rsquo;environnement parfait pour une large gamme d&rsquo;exp\u00e9riences : des d\u00eeners spectacles alliant art et go\u00fbt, aux r\u00e9unions d&rsquo;entreprise dans un contexte raffin\u00e9, jusqu&rsquo;au spectacle une cuisine o\u00f9 cuisiner devient un spectacle.<br \/> Chaque \u00e9v\u00e9nement est personnalis\u00e9 pour refl\u00e9ter la vision du client, garantissant ainsi une exp\u00e9rience unique et m\u00e9morable.<br \/> Choisir Dal Console, c&rsquo;est offrir \u00e0 votre \u00e9v\u00e9nement un cadre inimitable, o\u00f9 chaque d\u00e9tail parle d&rsquo;excellence et o\u00f9 chaque instant pass\u00e9 devient un souvenir pr\u00e9cieux \u00e0 conserver.<\/p>\n\t\t\t\t\t\t\t\t<\/div>\n\t\t\t\t<\/div>\n\t\t\t\t<div class=\"elementor-element elementor-element-3f555cf elementor-widget elementor-widget-spacer\" data-id=\"3f555cf\" data-element_type=\"widget\" data-e-type=\"widget\" data-settings=\"{&quot;hoteller_ext_link_sidemenu&quot;:&quot;false&quot;,&quot;hoteller_ext_link_fullmenu&quot;:&quot;false&quot;,&quot;hoteller_ext_link_closed_fullmenu&quot;:&quot;false&quot;,&quot;hoteller_ext_is_scrollme&quot;:&quot;false&quot;,&quot;hoteller_ext_is_smoove&quot;:&quot;false&quot;,&quot;hoteller_ext_is_parallax_mouse&quot;:&quot;false&quot;,&quot;hoteller_ext_is_infinite&quot;:&quot;false&quot;,&quot;hoteller_ext_is_fadeout_animation&quot;:&quot;false&quot;,&quot;hoteller_ext_mobile_static&quot;:&quot;false&quot;}\" data-widget_type=\"spacer.default\">\n\t\t\t\t<div class=\"elementor-widget-container\">\n\t\t\t\t\t\t\t<div class=\"elementor-spacer\">\n\t\t\t<div class=\"elementor-spacer-inner\"><\/div>\n\t\t<\/div>\n\t\t\t\t\t\t<\/div>\n\t\t\t\t<\/div>\n\t\t\t\t\t<\/div>\n\t\t\t\t<\/div>\n\t\t<div class=\"elementor-element elementor-element-7d14f3b e-flex e-con-boxed e-con e-parent\" data-id=\"7d14f3b\" data-element_type=\"container\" data-e-type=\"container\" data-settings=\"{&quot;hoteller_ext_is_background_parallax&quot;:&quot;false&quot;,&quot;hoteller_ext_is_background_on_scroll&quot;:&quot;false&quot;,&quot;hoteller_ext_link_sidemenu&quot;:&quot;false&quot;,&quot;hoteller_ext_link_fullmenu&quot;:&quot;false&quot;,&quot;hoteller_ext_link_closed_fullmenu&quot;:&quot;false&quot;,&quot;hoteller_ext_is_scrollme&quot;:&quot;false&quot;,&quot;hoteller_ext_is_smoove&quot;:&quot;false&quot;,&quot;hoteller_ext_is_parallax_mouse&quot;:&quot;false&quot;,&quot;hoteller_ext_is_infinite&quot;:&quot;false&quot;,&quot;hoteller_ext_is_fadeout_animation&quot;:&quot;false&quot;,&quot;hoteller_ext_mobile_static&quot;:&quot;false&quot;}\">\n\t\t\t\t\t<div class=\"e-con-inner\">\n\t\t\t\t<div class=\"elementor-element elementor-element-b89f3ae elementor-widget elementor-widget-spacer\" data-id=\"b89f3ae\" data-element_type=\"widget\" data-e-type=\"widget\" data-settings=\"{&quot;hoteller_ext_link_sidemenu&quot;:&quot;false&quot;,&quot;hoteller_ext_link_fullmenu&quot;:&quot;false&quot;,&quot;hoteller_ext_link_closed_fullmenu&quot;:&quot;false&quot;,&quot;hoteller_ext_is_scrollme&quot;:&quot;false&quot;,&quot;hoteller_ext_is_smoove&quot;:&quot;false&quot;,&quot;hoteller_ext_is_parallax_mouse&quot;:&quot;false&quot;,&quot;hoteller_ext_is_infinite&quot;:&quot;false&quot;,&quot;hoteller_ext_is_fadeout_animation&quot;:&quot;false&quot;,&quot;hoteller_ext_mobile_static&quot;:&quot;false&quot;}\" data-widget_type=\"spacer.default\">\n\t\t\t\t<div class=\"elementor-widget-container\">\n\t\t\t\t\t\t\t<div class=\"elementor-spacer\">\n\t\t\t<div class=\"elementor-spacer-inner\"><\/div>\n\t\t<\/div>\n\t\t\t\t\t\t<\/div>\n\t\t\t\t<\/div>\n\t\t\t\t\t<\/div>\n\t\t\t\t<\/div>\n\t\t<div class=\"elementor-element elementor-element-728e52e e-flex e-con-boxed e-con e-parent\" data-id=\"728e52e\" data-element_type=\"container\" data-e-type=\"container\" data-settings=\"{&quot;hoteller_ext_is_background_parallax&quot;:&quot;false&quot;,&quot;hoteller_ext_is_background_on_scroll&quot;:&quot;false&quot;,&quot;hoteller_ext_link_sidemenu&quot;:&quot;false&quot;,&quot;hoteller_ext_link_fullmenu&quot;:&quot;false&quot;,&quot;hoteller_ext_link_closed_fullmenu&quot;:&quot;false&quot;,&quot;hoteller_ext_is_scrollme&quot;:&quot;false&quot;,&quot;hoteller_ext_is_smoove&quot;:&quot;false&quot;,&quot;hoteller_ext_is_parallax_mouse&quot;:&quot;false&quot;,&quot;hoteller_ext_is_infinite&quot;:&quot;false&quot;,&quot;hoteller_ext_is_fadeout_animation&quot;:&quot;false&quot;,&quot;hoteller_ext_mobile_static&quot;:&quot;false&quot;}\">\n\t\t\t\t\t<div class=\"e-con-inner\">\n\t\t\t\t\t<\/div>\n\t\t\t\t<\/div>\n\t\t\t\t<\/div>\n\t\t","protected":false},"excerpt":{"rendered":"<p>Nos \u00e9v\u00e9nements Immerg\u00e9 dans le c\u0153ur historique de Naples, Dal Console repr\u00e9sente le choix id\u00e9al pour ceux qui recherchent un lieu plein d&rsquo;histoire et de charme pour des \u00e9v\u00e9nements exclusifs. Avec un grand espace ouvert qui allie la chaleur de [&hellip;]<\/p>\n","protected":false},"author":1,"featured_media":0,"parent":0,"menu_order":0,"comment_status":"closed","ping_status":"closed","template":"","meta":{"footnotes":""},"class_list":["post-1955","page","type-page","status-publish","hentry"],"yoast_head":"<!-- This site is optimized with the Yoast SEO plugin v27.4 - https:\/\/yoast.com\/product\/yoast-seo-wordpress\/ -->\n<title>Dal Console | \u00c9v\u00e9nements<\/title>\n<meta name=\"description\" content=\"D\u00e9couvrez des \u00e9v\u00e9nements exclusifs \u00e0 Dal Console : des rassemblements intimes aux grandes c\u00e9l\u00e9brations, nous proposons des cadres uniques et des services personnalis\u00e9s pour rendre chaque \u00e9v\u00e9nement sp\u00e9cial.\" \/>\n<meta name=\"robots\" content=\"index, follow, max-snippet:-1, max-image-preview:large, max-video-preview:-1\" \/>\n<link rel=\"canonical\" href=\"https:\/\/www.dalconsole.com\/fr\/evenements\/\" \/>\n<meta property=\"og:locale\" content=\"fr_FR\" \/>\n<meta property=\"og:type\" content=\"article\" \/>\n<meta property=\"og:title\" content=\"Dal Console | \u00c9v\u00e9nements\" \/>\n<meta property=\"og:description\" content=\"D\u00e9couvrez des \u00e9v\u00e9nements exclusifs \u00e0 Dal Console : des rassemblements intimes aux grandes c\u00e9l\u00e9brations, nous proposons des cadres uniques et des services personnalis\u00e9s pour rendre chaque \u00e9v\u00e9nement sp\u00e9cial.\" \/>\n<meta property=\"og:url\" content=\"https:\/\/www.dalconsole.com\/fr\/evenements\/\" \/>\n<meta property=\"og:site_name\" content=\"Dal Console\" \/>\n<meta property=\"article:publisher\" content=\"https:\/\/www.facebook.com\/dalconsole.napoli\" \/>\n<meta property=\"article:modified_time\" content=\"2024-04-09T10:23:47+00:00\" \/>\n<meta property=\"og:image\" content=\"https:\/\/www.dalconsole.com\/wp-content\/uploads\/2023\/11\/dalconsole-logo.png\" \/>\n\t<meta property=\"og:image:width\" content=\"1000\" \/>\n\t<meta property=\"og:image:height\" content=\"1018\" \/>\n\t<meta property=\"og:image:type\" content=\"image\/png\" \/>\n<meta name=\"twitter:card\" content=\"summary_large_image\" \/>\n<meta name=\"twitter:label1\" content=\"Dur\u00e9e de lecture estim\u00e9e\" \/>\n\t<meta name=\"twitter:data1\" content=\"1 minute\" \/>\n<script type=\"application\/ld+json\" class=\"yoast-schema-graph\">{\"@context\":\"https:\\\/\\\/schema.org\",\"@graph\":[{\"@type\":\"WebPage\",\"@id\":\"https:\\\/\\\/www.dalconsole.com\\\/fr\\\/evenements\\\/\",\"url\":\"https:\\\/\\\/www.dalconsole.com\\\/fr\\\/evenements\\\/\",\"name\":\"Dal Console | \u00c9v\u00e9nements\",\"isPartOf\":{\"@id\":\"https:\\\/\\\/www.dalconsole.com\\\/#website\"},\"datePublished\":\"2024-01-16T15:28:18+00:00\",\"dateModified\":\"2024-04-09T10:23:47+00:00\",\"description\":\"D\u00e9couvrez des \u00e9v\u00e9nements exclusifs \u00e0 Dal Console : des rassemblements intimes aux grandes c\u00e9l\u00e9brations, nous proposons des cadres uniques et des services personnalis\u00e9s pour rendre chaque \u00e9v\u00e9nement sp\u00e9cial.\",\"breadcrumb\":{\"@id\":\"https:\\\/\\\/www.dalconsole.com\\\/fr\\\/evenements\\\/#breadcrumb\"},\"inLanguage\":\"fr-FR\",\"potentialAction\":[{\"@type\":\"ReadAction\",\"target\":[\"https:\\\/\\\/www.dalconsole.com\\\/fr\\\/evenements\\\/\"]}]},{\"@type\":\"BreadcrumbList\",\"@id\":\"https:\\\/\\\/www.dalconsole.com\\\/fr\\\/evenements\\\/#breadcrumb\",\"itemListElement\":[{\"@type\":\"ListItem\",\"position\":1,\"name\":\"Home\",\"item\":\"https:\\\/\\\/www.dalconsole.com\\\/fr\\\/holiday-house\\\/\"},{\"@type\":\"ListItem\",\"position\":2,\"name\":\"\u00c9v\u00e9nements\"}]},{\"@type\":\"WebSite\",\"@id\":\"https:\\\/\\\/www.dalconsole.com\\\/#website\",\"url\":\"https:\\\/\\\/www.dalconsole.com\\\/\",\"name\":\"Dal Console\",\"description\":\"Holiday house and events\",\"publisher\":{\"@id\":\"https:\\\/\\\/www.dalconsole.com\\\/#organization\"},\"potentialAction\":[{\"@type\":\"SearchAction\",\"target\":{\"@type\":\"EntryPoint\",\"urlTemplate\":\"https:\\\/\\\/www.dalconsole.com\\\/?s={search_term_string}\"},\"query-input\":{\"@type\":\"PropertyValueSpecification\",\"valueRequired\":true,\"valueName\":\"search_term_string\"}}],\"inLanguage\":\"fr-FR\"},{\"@type\":\"Organization\",\"@id\":\"https:\\\/\\\/www.dalconsole.com\\\/#organization\",\"name\":\"Dal Console\",\"url\":\"https:\\\/\\\/www.dalconsole.com\\\/\",\"logo\":{\"@type\":\"ImageObject\",\"inLanguage\":\"fr-FR\",\"@id\":\"https:\\\/\\\/www.dalconsole.com\\\/#\\\/schema\\\/logo\\\/image\\\/\",\"url\":\"https:\\\/\\\/www.dalconsole.com\\\/wp-content\\\/uploads\\\/2023\\\/11\\\/dalconsole-logo.png\",\"contentUrl\":\"https:\\\/\\\/www.dalconsole.com\\\/wp-content\\\/uploads\\\/2023\\\/11\\\/dalconsole-logo.png\",\"width\":1000,\"height\":1018,\"caption\":\"Dal Console\"},\"image\":{\"@id\":\"https:\\\/\\\/www.dalconsole.com\\\/#\\\/schema\\\/logo\\\/image\\\/\"},\"sameAs\":[\"https:\\\/\\\/www.facebook.com\\\/dalconsole.napoli\",\"https:\\\/\\\/www.instagram.com\\\/dalconsole_napoli\\\/\"]}]}<\/script>\n<!-- \/ Yoast SEO plugin. -->","yoast_head_json":{"title":"Dal Console | \u00c9v\u00e9nements","description":"D\u00e9couvrez des \u00e9v\u00e9nements exclusifs \u00e0 Dal Console : des rassemblements intimes aux grandes c\u00e9l\u00e9brations, nous proposons des cadres uniques et des services personnalis\u00e9s pour rendre chaque \u00e9v\u00e9nement sp\u00e9cial.","robots":{"index":"index","follow":"follow","max-snippet":"max-snippet:-1","max-image-preview":"max-image-preview:large","max-video-preview":"max-video-preview:-1"},"canonical":"https:\/\/www.dalconsole.com\/fr\/evenements\/","og_locale":"fr_FR","og_type":"article","og_title":"Dal Console | \u00c9v\u00e9nements","og_description":"D\u00e9couvrez des \u00e9v\u00e9nements exclusifs \u00e0 Dal Console : des rassemblements intimes aux grandes c\u00e9l\u00e9brations, nous proposons des cadres uniques et des services personnalis\u00e9s pour rendre chaque \u00e9v\u00e9nement sp\u00e9cial.","og_url":"https:\/\/www.dalconsole.com\/fr\/evenements\/","og_site_name":"Dal Console","article_publisher":"https:\/\/www.facebook.com\/dalconsole.napoli","article_modified_time":"2024-04-09T10:23:47+00:00","og_image":[{"width":1000,"height":1018,"url":"https:\/\/www.dalconsole.com\/wp-content\/uploads\/2023\/11\/dalconsole-logo.png","type":"image\/png"}],"twitter_card":"summary_large_image","twitter_misc":{"Dur\u00e9e de lecture estim\u00e9e":"1 minute"},"schema":{"@context":"https:\/\/schema.org","@graph":[{"@type":"WebPage","@id":"https:\/\/www.dalconsole.com\/fr\/evenements\/","url":"https:\/\/www.dalconsole.com\/fr\/evenements\/","name":"Dal Console | \u00c9v\u00e9nements","isPartOf":{"@id":"https:\/\/www.dalconsole.com\/#website"},"datePublished":"2024-01-16T15:28:18+00:00","dateModified":"2024-04-09T10:23:47+00:00","description":"D\u00e9couvrez des \u00e9v\u00e9nements exclusifs \u00e0 Dal Console : des rassemblements intimes aux grandes c\u00e9l\u00e9brations, nous proposons des cadres uniques et des services personnalis\u00e9s pour rendre chaque \u00e9v\u00e9nement sp\u00e9cial.","breadcrumb":{"@id":"https:\/\/www.dalconsole.com\/fr\/evenements\/#breadcrumb"},"inLanguage":"fr-FR","potentialAction":[{"@type":"ReadAction","target":["https:\/\/www.dalconsole.com\/fr\/evenements\/"]}]},{"@type":"BreadcrumbList","@id":"https:\/\/www.dalconsole.com\/fr\/evenements\/#breadcrumb","itemListElement":[{"@type":"ListItem","position":1,"name":"Home","item":"https:\/\/www.dalconsole.com\/fr\/holiday-house\/"},{"@type":"ListItem","position":2,"name":"\u00c9v\u00e9nements"}]},{"@type":"WebSite","@id":"https:\/\/www.dalconsole.com\/#website","url":"https:\/\/www.dalconsole.com\/","name":"Dal Console","description":"Holiday house and events","publisher":{"@id":"https:\/\/www.dalconsole.com\/#organization"},"potentialAction":[{"@type":"SearchAction","target":{"@type":"EntryPoint","urlTemplate":"https:\/\/www.dalconsole.com\/?s={search_term_string}"},"query-input":{"@type":"PropertyValueSpecification","valueRequired":true,"valueName":"search_term_string"}}],"inLanguage":"fr-FR"},{"@type":"Organization","@id":"https:\/\/www.dalconsole.com\/#organization","name":"Dal Console","url":"https:\/\/www.dalconsole.com\/","logo":{"@type":"ImageObject","inLanguage":"fr-FR","@id":"https:\/\/www.dalconsole.com\/#\/schema\/logo\/image\/","url":"https:\/\/www.dalconsole.com\/wp-content\/uploads\/2023\/11\/dalconsole-logo.png","contentUrl":"https:\/\/www.dalconsole.com\/wp-content\/uploads\/2023\/11\/dalconsole-logo.png","width":1000,"height":1018,"caption":"Dal Console"},"image":{"@id":"https:\/\/www.dalconsole.com\/#\/schema\/logo\/image\/"},"sameAs":["https:\/\/www.facebook.com\/dalconsole.napoli","https:\/\/www.instagram.com\/dalconsole_napoli\/"]}]}},"_links":{"self":[{"href":"https:\/\/www.dalconsole.com\/fr\/wp-json\/wp\/v2\/pages\/1955","targetHints":{"allow":["GET"]}}],"collection":[{"href":"https:\/\/www.dalconsole.com\/fr\/wp-json\/wp\/v2\/pages"}],"about":[{"href":"https:\/\/www.dalconsole.com\/fr\/wp-json\/wp\/v2\/types\/page"}],"author":[{"embeddable":true,"href":"https:\/\/www.dalconsole.com\/fr\/wp-json\/wp\/v2\/users\/1"}],"replies":[{"embeddable":true,"href":"https:\/\/www.dalconsole.com\/fr\/wp-json\/wp\/v2\/comments?post=1955"}],"version-history":[{"count":3,"href":"https:\/\/www.dalconsole.com\/fr\/wp-json\/wp\/v2\/pages\/1955\/revisions"}],"predecessor-version":[{"id":1958,"href":"https:\/\/www.dalconsole.com\/fr\/wp-json\/wp\/v2\/pages\/1955\/revisions\/1958"}],"wp:attachment":[{"href":"https:\/\/www.dalconsole.com\/fr\/wp-json\/wp\/v2\/media?parent=1955"}],"curies":[{"name":"wp","href":"https:\/\/api.w.org\/{rel}","templated":true}]}}