{"id":2013,"date":"2023-12-21T14:41:14","date_gmt":"2023-12-21T14:41:14","guid":{"rendered":"https:\/\/www.dalconsole.com\/termes-et-conditions\/"},"modified":"2023-12-21T14:41:14","modified_gmt":"2023-12-21T14:41:14","slug":"termes-et-conditions","status":"publish","type":"page","link":"https:\/\/www.dalconsole.com\/fr\/termes-et-conditions\/","title":{"rendered":"Termes et conditions"},"content":{"rendered":"<h2><strong>R\u00c8GLES ET INFORMATIONS<\/strong><\/h2>\n<p><strong>HORAIRES<\/strong><\/p>\n<p>A l&rsquo;arriv\u00e9e les chambres sont disponibles \u00e0 partir de 14h00 et doivent \u00eatre lib\u00e9r\u00e9es le jour du d\u00e9part avant 20h00.<\/p>\n<p><strong>DOCUMENTS<\/strong><\/p>\n<p>\u00c0 votre arriv\u00e9e, les clients doivent avoir des documents d&rsquo;identit\u00e9, y compris les mineurs.<\/p>\n<p>(n.1 nouveau-n\u00e9 max 0-8 mois)*.<\/p>\n<p><strong>MARCHANDISES NON GARD\u00c9ES<\/strong><\/p>\n<p>La direction d\u00e9cline toute responsabilit\u00e9 pour les marchandises non conserv\u00e9es \u00e0 l&rsquo;int\u00e9rieur et \u00e0 l&rsquo;ext\u00e9rieur de la structure<\/p>\n<p><strong>CUISINE<\/strong><\/p>\n<p>La cuisine est \u00e9quip\u00e9e d&rsquo;un r\u00e9frig\u00e9rateur, de plaques \u00e0 induction, d&rsquo;un four micro-ondes, d&rsquo;une plaque grille-pain, d&rsquo;une machine \u00e0 caf\u00e9 Nespresso, d&rsquo;une bouilloire \u00e9lectrique pour pr\u00e9parer les plats et les boissons en toute autonomie et sans fournir les ingr\u00e9dients**<\/p>\n<p>L&rsquo;utilisation de tous les appareils \u00e9lectrom\u00e9nagers est destin\u00e9e \u00e0 l&rsquo;usage exclusif des clients s\u00e9journant dans l&rsquo;\u00e9tablissement.<\/p>\n<p><strong>FUM\u00c9E<\/strong><\/p>\n<p>La structure ne dispose pas de fumoirs, il est interdit de fumer dans toute la structure (il est uniquement autoris\u00e9 dans la zone ext\u00e9rieure o\u00f9 il y a un sol en c\u00e9ramique)<\/p>\n<p><strong>SYST\u00c8ME CLIMATIQUE<\/strong><\/p>\n<p>Le syst\u00e8me de climatisation doit \u00eatre activ\u00e9 exclusivement lorsqu&rsquo;il est pr\u00e9sent dans la structure et en prenant soin de fermer toutes les ouvertures vers l&rsquo;ext\u00e9rieur \u00e0 l&rsquo;aide de la t\u00e9l\u00e9commande murale fixe DAIKIN dans la cuisine.<\/p>\n<p>Le syst\u00e8me de chauffage peut \u00eatre activ\u00e9 en option sur demande aupr\u00e8s de la direction.<\/p>\n<p><strong>DOMMAGES \u00c0 LA STRUCTURE<\/strong><\/p>\n<p>En cas de dommages \u00e0 la structure ou aux objets, en cas de manque de linge et\/ou d&rsquo;objets ou de perte de cl\u00e9s, vous devrez payer une p\u00e9nalit\u00e9 qui sera d\u00e9bit\u00e9e sur la carte bancaire indiqu\u00e9e lors du CHECK IN. Cette p\u00e9nalit\u00e9 sera calcul\u00e9e en fonction de l&rsquo;ampleur des dommages caus\u00e9s.<\/p>\n<p>&#8212;&#8212;&#8212;&#8212;&#8212;&#8212;&#8212;&#8212;&#8212;&#8212;&#8212;&#8212;&#8212;&#8212;&#8212;&#8212;&#8212;&#8212;&#8212;&#8212;&#8212;&#8212;&#8212;&#8212;&#8212;&#8212;&#8212;&#8212;&#8212;&#8212;&#8212;&#8212;&#8212;&#8212;&#8212;&#8212;&#8212;&#8212;&#8212;&#8212;&#8212;&#8212;&#8212;&#8212;&#8212;&#8212;&#8212;-<\/p>\n<p>La direction de l&rsquo;\u00e9tablissement se r\u00e9serve le droit de modifier ce r\u00e8glement pour des raisons d&rsquo;opportunit\u00e9 et de fonctionnement des services en communiquant les modifications dans les meilleurs d\u00e9lais.<\/p>\n<p>*Sur demande au moment de la r\u00e9servation, l&rsquo;\u00e9tablissement mettra \u00e0 disposition un lit b\u00e9b\u00e9 sans linge.<\/p>\n<p>** Des KITS d&rsquo;accueil (eau en bouteille, caf\u00e9 et sucre en sachet, th\u00e9 et tisanes en sachet, confiture et miel en sachet) seront offerts \u00e0 chaque entr\u00e9e dans l&rsquo;\u00e9tablissement. dose unique, kit de courtoisie Gel douche ligne ARGAN + shampoing + lotion pour le corps + sopa en pack. Kit Vanity \u00e0 dose unique, offert avec la permission du client.<\/p>\n<p>Je vous remercie de votre aimable attention.<\/p>\n","protected":false},"excerpt":{"rendered":"<p>R\u00c8GLES ET INFORMATIONS HORAIRES A l&rsquo;arriv\u00e9e les chambres sont disponibles \u00e0 partir de 14h00 et doivent \u00eatre lib\u00e9r\u00e9es le jour du d\u00e9part avant 20h00. DOCUMENTS \u00c0 votre arriv\u00e9e, les clients doivent avoir des documents d&rsquo;identit\u00e9, y compris les mineurs. (n.1 [&hellip;]<\/p>\n","protected":false},"author":1,"featured_media":0,"parent":0,"menu_order":0,"comment_status":"closed","ping_status":"closed","template":"","meta":{"footnotes":""},"class_list":["post-2013","page","type-page","status-publish","hentry"],"yoast_head":"<!-- This site is optimized with the Yoast SEO plugin v27.4 - https:\/\/yoast.com\/product\/yoast-seo-wordpress\/ -->\n<title>Termes et conditions - Dal Console<\/title>\n<meta name=\"robots\" content=\"index, follow, max-snippet:-1, max-image-preview:large, max-video-preview:-1\" \/>\n<link rel=\"canonical\" href=\"https:\/\/www.dalconsole.com\/termes-et-conditions\/\" \/>\n<meta property=\"og:locale\" content=\"fr_FR\" \/>\n<meta property=\"og:type\" content=\"article\" \/>\n<meta property=\"og:title\" content=\"Termes et conditions - Dal Console\" \/>\n<meta property=\"og:description\" content=\"R\u00c8GLES ET INFORMATIONS HORAIRES A l&rsquo;arriv\u00e9e les chambres sont disponibles \u00e0 partir de 14h00 et doivent \u00eatre lib\u00e9r\u00e9es le jour du d\u00e9part avant 20h00. DOCUMENTS \u00c0 votre arriv\u00e9e, les clients doivent avoir des documents d&rsquo;identit\u00e9, y compris les mineurs. (n.1 [&hellip;]\" \/>\n<meta property=\"og:url\" content=\"https:\/\/www.dalconsole.com\/termes-et-conditions\/\" \/>\n<meta property=\"og:site_name\" content=\"Dal Console\" \/>\n<meta property=\"article:publisher\" content=\"https:\/\/www.facebook.com\/dalconsole.napoli\" \/>\n<meta property=\"og:image\" content=\"https:\/\/www.dalconsole.com\/wp-content\/uploads\/2023\/11\/dalconsole-logo.png\" \/>\n\t<meta property=\"og:image:width\" content=\"1000\" \/>\n\t<meta property=\"og:image:height\" content=\"1018\" \/>\n\t<meta property=\"og:image:type\" content=\"image\/png\" \/>\n<meta name=\"twitter:card\" content=\"summary_large_image\" \/>\n<meta name=\"twitter:label1\" content=\"Dur\u00e9e de lecture estim\u00e9e\" \/>\n\t<meta name=\"twitter:data1\" content=\"2 minutes\" \/>\n<script type=\"application\/ld+json\" class=\"yoast-schema-graph\">{\"@context\":\"https:\\\/\\\/schema.org\",\"@graph\":[{\"@type\":\"WebPage\",\"@id\":\"https:\\\/\\\/www.dalconsole.com\\\/termes-et-conditions\\\/\",\"url\":\"https:\\\/\\\/www.dalconsole.com\\\/termes-et-conditions\\\/\",\"name\":\"Termes et conditions - Dal Console\",\"isPartOf\":{\"@id\":\"https:\\\/\\\/www.dalconsole.com\\\/#website\"},\"datePublished\":\"2023-12-21T14:41:14+00:00\",\"breadcrumb\":{\"@id\":\"https:\\\/\\\/www.dalconsole.com\\\/termes-et-conditions\\\/#breadcrumb\"},\"inLanguage\":\"fr-FR\",\"potentialAction\":[{\"@type\":\"ReadAction\",\"target\":[\"https:\\\/\\\/www.dalconsole.com\\\/termes-et-conditions\\\/\"]}]},{\"@type\":\"BreadcrumbList\",\"@id\":\"https:\\\/\\\/www.dalconsole.com\\\/termes-et-conditions\\\/#breadcrumb\",\"itemListElement\":[{\"@type\":\"ListItem\",\"position\":1,\"name\":\"Home\",\"item\":\"https:\\\/\\\/www.dalconsole.com\\\/fr\\\/holiday-house\\\/\"},{\"@type\":\"ListItem\",\"position\":2,\"name\":\"Termes et conditions\"}]},{\"@type\":\"WebSite\",\"@id\":\"https:\\\/\\\/www.dalconsole.com\\\/#website\",\"url\":\"https:\\\/\\\/www.dalconsole.com\\\/\",\"name\":\"Dal Console\",\"description\":\"Holiday house and events\",\"publisher\":{\"@id\":\"https:\\\/\\\/www.dalconsole.com\\\/#organization\"},\"potentialAction\":[{\"@type\":\"SearchAction\",\"target\":{\"@type\":\"EntryPoint\",\"urlTemplate\":\"https:\\\/\\\/www.dalconsole.com\\\/?s={search_term_string}\"},\"query-input\":{\"@type\":\"PropertyValueSpecification\",\"valueRequired\":true,\"valueName\":\"search_term_string\"}}],\"inLanguage\":\"fr-FR\"},{\"@type\":\"Organization\",\"@id\":\"https:\\\/\\\/www.dalconsole.com\\\/#organization\",\"name\":\"Dal Console\",\"url\":\"https:\\\/\\\/www.dalconsole.com\\\/\",\"logo\":{\"@type\":\"ImageObject\",\"inLanguage\":\"fr-FR\",\"@id\":\"https:\\\/\\\/www.dalconsole.com\\\/#\\\/schema\\\/logo\\\/image\\\/\",\"url\":\"https:\\\/\\\/www.dalconsole.com\\\/wp-content\\\/uploads\\\/2023\\\/11\\\/dalconsole-logo.png\",\"contentUrl\":\"https:\\\/\\\/www.dalconsole.com\\\/wp-content\\\/uploads\\\/2023\\\/11\\\/dalconsole-logo.png\",\"width\":1000,\"height\":1018,\"caption\":\"Dal Console\"},\"image\":{\"@id\":\"https:\\\/\\\/www.dalconsole.com\\\/#\\\/schema\\\/logo\\\/image\\\/\"},\"sameAs\":[\"https:\\\/\\\/www.facebook.com\\\/dalconsole.napoli\",\"https:\\\/\\\/www.instagram.com\\\/dalconsole_napoli\\\/\"]}]}<\/script>\n<!-- \/ Yoast SEO plugin. -->","yoast_head_json":{"title":"Termes et conditions - Dal Console","robots":{"index":"index","follow":"follow","max-snippet":"max-snippet:-1","max-image-preview":"max-image-preview:large","max-video-preview":"max-video-preview:-1"},"canonical":"https:\/\/www.dalconsole.com\/termes-et-conditions\/","og_locale":"fr_FR","og_type":"article","og_title":"Termes et conditions - Dal Console","og_description":"R\u00c8GLES ET INFORMATIONS HORAIRES A l&rsquo;arriv\u00e9e les chambres sont disponibles \u00e0 partir de 14h00 et doivent \u00eatre lib\u00e9r\u00e9es le jour du d\u00e9part avant 20h00. DOCUMENTS \u00c0 votre arriv\u00e9e, les clients doivent avoir des documents d&rsquo;identit\u00e9, y compris les mineurs. (n.1 [&hellip;]","og_url":"https:\/\/www.dalconsole.com\/termes-et-conditions\/","og_site_name":"Dal Console","article_publisher":"https:\/\/www.facebook.com\/dalconsole.napoli","og_image":[{"width":1000,"height":1018,"url":"https:\/\/www.dalconsole.com\/wp-content\/uploads\/2023\/11\/dalconsole-logo.png","type":"image\/png"}],"twitter_card":"summary_large_image","twitter_misc":{"Dur\u00e9e de lecture estim\u00e9e":"2 minutes"},"schema":{"@context":"https:\/\/schema.org","@graph":[{"@type":"WebPage","@id":"https:\/\/www.dalconsole.com\/termes-et-conditions\/","url":"https:\/\/www.dalconsole.com\/termes-et-conditions\/","name":"Termes et conditions - Dal Console","isPartOf":{"@id":"https:\/\/www.dalconsole.com\/#website"},"datePublished":"2023-12-21T14:41:14+00:00","breadcrumb":{"@id":"https:\/\/www.dalconsole.com\/termes-et-conditions\/#breadcrumb"},"inLanguage":"fr-FR","potentialAction":[{"@type":"ReadAction","target":["https:\/\/www.dalconsole.com\/termes-et-conditions\/"]}]},{"@type":"BreadcrumbList","@id":"https:\/\/www.dalconsole.com\/termes-et-conditions\/#breadcrumb","itemListElement":[{"@type":"ListItem","position":1,"name":"Home","item":"https:\/\/www.dalconsole.com\/fr\/holiday-house\/"},{"@type":"ListItem","position":2,"name":"Termes et conditions"}]},{"@type":"WebSite","@id":"https:\/\/www.dalconsole.com\/#website","url":"https:\/\/www.dalconsole.com\/","name":"Dal Console","description":"Holiday house and events","publisher":{"@id":"https:\/\/www.dalconsole.com\/#organization"},"potentialAction":[{"@type":"SearchAction","target":{"@type":"EntryPoint","urlTemplate":"https:\/\/www.dalconsole.com\/?s={search_term_string}"},"query-input":{"@type":"PropertyValueSpecification","valueRequired":true,"valueName":"search_term_string"}}],"inLanguage":"fr-FR"},{"@type":"Organization","@id":"https:\/\/www.dalconsole.com\/#organization","name":"Dal Console","url":"https:\/\/www.dalconsole.com\/","logo":{"@type":"ImageObject","inLanguage":"fr-FR","@id":"https:\/\/www.dalconsole.com\/#\/schema\/logo\/image\/","url":"https:\/\/www.dalconsole.com\/wp-content\/uploads\/2023\/11\/dalconsole-logo.png","contentUrl":"https:\/\/www.dalconsole.com\/wp-content\/uploads\/2023\/11\/dalconsole-logo.png","width":1000,"height":1018,"caption":"Dal Console"},"image":{"@id":"https:\/\/www.dalconsole.com\/#\/schema\/logo\/image\/"},"sameAs":["https:\/\/www.facebook.com\/dalconsole.napoli","https:\/\/www.instagram.com\/dalconsole_napoli\/"]}]}},"_links":{"self":[{"href":"https:\/\/www.dalconsole.com\/fr\/wp-json\/wp\/v2\/pages\/2013","targetHints":{"allow":["GET"]}}],"collection":[{"href":"https:\/\/www.dalconsole.com\/fr\/wp-json\/wp\/v2\/pages"}],"about":[{"href":"https:\/\/www.dalconsole.com\/fr\/wp-json\/wp\/v2\/types\/page"}],"author":[{"embeddable":true,"href":"https:\/\/www.dalconsole.com\/fr\/wp-json\/wp\/v2\/users\/1"}],"replies":[{"embeddable":true,"href":"https:\/\/www.dalconsole.com\/fr\/wp-json\/wp\/v2\/comments?post=2013"}],"version-history":[{"count":0,"href":"https:\/\/www.dalconsole.com\/fr\/wp-json\/wp\/v2\/pages\/2013\/revisions"}],"wp:attachment":[{"href":"https:\/\/www.dalconsole.com\/fr\/wp-json\/wp\/v2\/media?parent=2013"}],"curies":[{"name":"wp","href":"https:\/\/api.w.org\/{rel}","templated":true}]}}